{"id":225,"date":"2026-02-23T19:36:36","date_gmt":"2026-02-23T19:36:36","guid":{"rendered":"https:\/\/www.solutionimmobiliere.ca\/?page_id=225"},"modified":"2026-02-25T14:42:44","modified_gmt":"2026-02-25T14:42:44","slug":"home-2","status":"publish","type":"page","link":"https:\/\/www.solutionimmobiliere.ca\/en\/","title":{"rendered":"Home"},"content":{"rendered":"<div class=\"wp-block-uagb-container uagb-block-33914ddc alignfull uagb-is-root-container\"><div class=\"uagb-container-inner-blocks-wrap\">\n<div class=\"wp-block-uagb-info-box uagb-block-32540a6c uagb-infobox__content-wrap  uagb-infobox-icon-above-title uagb-infobox-image-valign-top\"><div class=\"uagb-ifb-content\"><div class=\"uagb-ifb-title-wrap\"><span class=\"uagb-ifb-title-prefix\">Sell Your Property<\/span><h1 class=\"uagb-ifb-title\">A Simple and Efficient Sale<\/h1><\/div><p class=\"uagb-ifb-desc\">Receive a purchase offer for your home with no obligation. Sell your property with Solution Immobili\u00e8re through a simple and straightforward process.<\/p><div class=\"uagb-ifb-button-wrapper wp-block-button\"><a href=\"\/en\/contact\/\" class=\"uagb-infobox-cta-link wp-block-button__link\" target=\"_self\" rel=\"noopener noreferrer\" onclick=\"return true;\"><span class=\"uagb-inline-editing\">Get Your Offer<\/span><\/a><\/div><\/div><\/div>\n<\/div><\/div>\n\n\n\n<div class=\"wp-block-uagb-container uagb-block-5b740152 alignfull uagb-is-root-container\"><div class=\"uagb-container-inner-blocks-wrap\">\n<div class=\"wp-block-uagb-container uagb-block-590aa15a\">\n<div class=\"wp-block-uagb-info-box uagb-block-2359313e uagb-infobox__content-wrap  uagb-infobox-icon-above-title uagb-infobox-image-valign-top\"><div class=\"uagb-ifb-content\"><div class=\"uagb-ifb-title-wrap\"><span class=\"uagb-ifb-title-prefix\">Who We Are<\/span><h2 class=\"uagb-ifb-title\">An Alternative to the Traditional Sale<\/h2><\/div><\/div><\/div>\n<\/div>\n\n\n\n<div class=\"wp-block-uagb-container uagb-block-6ec428b1\">\n<div class=\"wp-block-uagb-advanced-heading uagb-block-e30f7b91\"><h3 class=\"uagb-heading-text\">Solution Immobili\u00e8re is a private real estate investment company specializing in the direct acquisition of residential properties requiring renovation or improvement.<\/h3><p class=\"uagb-desc-text\">We offer a structured approach that allows homeowners to sell their property in its current condition, without any obligation to complete repairs or renovations beforehand. Each situation is reviewed individually to evaluate the property based on its actual condition and current market conditions.<br>Our model is based on a clear and structured process, offering an alternative to the traditional home sale.<br><strong>We operate as a private real estate investor and not as a real estate broker.<\/strong><\/p><\/div>\n\n\n\n<div class=\"wp-block-uagb-buttons uagb-buttons__outer-wrap uagb-btn__default-btn uagb-btn-tablet__default-btn uagb-btn-mobile__default-btn uagb-block-dce11512\"><div class=\"uagb-buttons__wrap uagb-buttons-layout-wrap\">\n<div class=\"wp-block-uagb-buttons-child uagb-buttons__outer-wrap uagb-block-dff7d825 wp-block-button\"><div class=\"uagb-button__wrapper\"><a class=\"uagb-buttons-repeater ast-outline-button\" aria-label=\"\" style=\"border-width:revert-layer\" href=\"\/en\/about\/\" rel=\"follow noopener\" target=\"_self\" role=\"button\"><div class=\"uagb-button__link\">LEARN MORE<\/div><\/a><\/div><\/div>\n<\/div><\/div>\n<\/div>\n<\/div><\/div>\n\n\n\n<div class=\"wp-block-uagb-container uagb-block-6524a66f alignfull uagb-is-root-container\"><div class=\"uagb-container-inner-blocks-wrap\">\n<div class=\"wp-block-uagb-info-box uagb-block-99aa96b3 uagb-infobox__content-wrap  uagb-infobox-icon-above-title uagb-infobox-image-valign-top\"><div class=\"uagb-ifb-content\"><div class=\"uagb-ifb-title-wrap\"><span class=\"uagb-ifb-title-prefix\">Our Services<\/span><h2 class=\"uagb-ifb-title\">A Simple Approach to Selling Your Property<\/h2><\/div><p class=\"uagb-ifb-desc\">Discover our residential property acquisition services designed to fit your situation.<\/p><\/div><\/div>\n\n\n\n<div class=\"wp-block-uagb-container uagb-block-a0a42333\">\n<div class=\"wp-block-uagb-container uagb-block-9abd22a4\">\n<div class=\"wp-block-uagb-advanced-heading uagb-block-769a552b\"><h2 class=\"uagb-heading-text\">01.<\/h2><div class=\"uagb-separator\"><\/div><\/div>\n\n\n\n<div class=\"wp-block-uagb-info-box uagb-block-d59c5b69 uagb-infobox__content-wrap  uagb-infobox-icon-above-title uagb-infobox-image-valign-top\"><div class=\"uagb-ifb-content\"><div class=\"uagb-ifb-title-wrap\"><h3 class=\"uagb-ifb-title\">Direct and Simplified Acquisition<\/h3><\/div><p class=\"uagb-ifb-desc\">We acquire residential properties through a clear and transparent process, simplifying the steps for the seller while offering a structured alternative to the traditional home sale.<\/p><div class=\"uagb-ifb-button-wrapper wp-block-button\"><a href=\"\/en\/services\/\" target=\"_self\" onclick=\"return true;\" class=\"uagb-infobox-cta-link\" rel=\"noopener noreferrer\"><span class=\"uagb-inline-editing\">LEARN MORE<\/span><\/a><\/div><\/div><\/div>\n<\/div>\n\n\n\n<div class=\"wp-block-uagb-container uagb-block-032d95fc\">\n<div class=\"wp-block-uagb-advanced-heading uagb-block-728f4cfc\"><h2 class=\"uagb-heading-text\">02.<\/h2><div class=\"uagb-separator\"><\/div><\/div>\n\n\n\n<div class=\"wp-block-uagb-info-box uagb-block-ef01bad9 uagb-infobox__content-wrap  uagb-infobox-icon-above-title uagb-infobox-image-valign-top\"><div class=\"uagb-ifb-content\"><div class=\"uagb-ifb-title-wrap\"><h3 class=\"uagb-ifb-title\">Property Analysis and Evaluation<\/h3><\/div><p class=\"uagb-ifb-desc\">We analyze your property to assess its potential and available options based on its current condition and market conditions, whether for acquisition or long-term holding.<\/p><div class=\"uagb-ifb-button-wrapper wp-block-button\"><a href=\"\/en\/services\/\" target=\"_self\" onclick=\"return true;\" class=\"uagb-infobox-cta-link\" rel=\"noopener noreferrer\"><span class=\"uagb-inline-editing\">LEARN MORE<\/span><\/a><\/div><\/div><\/div>\n<\/div>\n\n\n\n<div class=\"wp-block-uagb-container uagb-block-9c8fa577\">\n<div class=\"wp-block-uagb-advanced-heading uagb-block-cd560cd0\"><h2 class=\"uagb-heading-text\">03.<\/h2><div class=\"uagb-separator\"><\/div><\/div>\n\n\n\n<div class=\"wp-block-uagb-info-box uagb-block-0bb78aa6 uagb-infobox__content-wrap  uagb-infobox-icon-above-title uagb-infobox-image-valign-top\"><div class=\"uagb-ifb-content\"><div class=\"uagb-ifb-title-wrap\"><h3 class=\"uagb-ifb-title\">Acquisition of Properties Requiring Renovation<\/h3><\/div><p class=\"uagb-ifb-desc\">We acquire homes that require renovations, taking into account their current condition, with no requirement for repairs or upgrades before the sale.<\/p><div class=\"uagb-ifb-button-wrapper wp-block-button\"><a href=\"\/en\/services\/\" target=\"_self\" onclick=\"return true;\" class=\"uagb-infobox-cta-link\" rel=\"noopener noreferrer\"><span class=\"uagb-inline-editing\">LEARN MORE<\/span><\/a><\/div><\/div><\/div>\n<\/div>\n<\/div>\n<\/div><\/div>\n\n\n\n<div class=\"wp-block-uagb-container uagb-block-23d0646f alignfull uagb-is-root-container\"><div class=\"uagb-container-inner-blocks-wrap\"><\/div><\/div>\n\n\n\n<div class=\"wp-block-uagb-container uagb-block-c61f515b alignfull uagb-is-root-container\">\n<div class=\"wp-block-uagb-container uagb-block-b88a5352\">\n<div class=\"wp-block-uagb-info-box uagb-block-089a5fbd uagb-infobox__content-wrap  uagb-infobox-icon-above-title uagb-infobox-image-valign-top\"><div class=\"uagb-ifb-content\"><div class=\"uagb-ifb-title-wrap\"><span class=\"uagb-ifb-title-prefix\">Our Story<\/span><h2 class=\"uagb-ifb-title\">A Structured and Responsible Approach<\/h2><\/div><p class=\"uagb-ifb-desc\">Founded with a focus on residential real estate investment, Solution Immobili\u00e8re began its activities through the acquisition of single-family homes requiring improvements. Over time, the company developed its model around a transparent and structured process focused on careful property analysis and respect for homeowners.<\/p><div class=\"uagb-ifb-button-wrapper wp-block-button\"><a href=\"\/en\/about\/\" class=\"uagb-infobox-cta-link wp-block-button__link\" target=\"_self\" rel=\"noopener noreferrer\" onclick=\"return true;\"><span class=\"uagb-inline-editing\">LEARN MORE<\/span><\/a><\/div><\/div><\/div>\n<\/div>\n<\/div>\n\n\n\n<div class=\"wp-block-uagb-container uagb-block-7e6769fe alignfull uagb-is-root-container\"><div class=\"uagb-container-inner-blocks-wrap\">\n<div class=\"wp-block-uagb-info-box uagb-block-df560f93 uagb-infobox__content-wrap  uagb-infobox-icon-above-title uagb-infobox-image-valign-top\"><div class=\"uagb-ifb-content\"><div class=\"uagb-ifb-title-wrap\"><span class=\"uagb-ifb-title-prefix\">What They Say<\/span><h2 class=\"uagb-ifb-title\">Client Testimonials<\/h2><\/div><p class=\"uagb-ifb-desc\">Learn about the positive experiences our clients have had with Solution Immobili\u00e8re.<\/p><\/div><\/div>\n\n\n\n<div class=\"wp-block-uagb-container uagb-block-6700b253\">\n<div class=\"wp-block-uagb-container uagb-block-37d6e4c7\">\n<div class=\"wp-block-uagb-info-box uagb-block-f9b5cf3a uagb-infobox__content-wrap  uagb-infobox-icon-left uagb-infobox-left uagb-infobox-stacked-tablet uagb-infobox-image-valign-top\"><div class=\"uagb-ifb-image-content\"><img decoding=\"async\" src=\"https:\/\/www.solutionimmobiliere.ca\/wp-content\/uploads\/2024\/02\/testimonial-skip-01.jpg\" alt=\"\" width=\"74\" height=\"74\" loading=\"lazy\"\/><\/div><div class=\"uagb-ifb-content\"><div class=\"uagb-ifb-title-wrap\"><span class=\"uagb-ifb-title-prefix\">The Solution Immobili\u00e8re team made selling my home simple and efficient. I am very satisfied with the service!<\/span><p class=\"uagb-ifb-title\">Pierre Dupont<\/p><\/div><\/div><\/div>\n<\/div>\n\n\n\n<div class=\"wp-block-uagb-container uagb-block-80ef6ada\">\n<div class=\"wp-block-uagb-info-box uagb-block-ac698830 uagb-infobox__content-wrap  uagb-infobox-icon-left uagb-infobox-left uagb-infobox-stacked-tablet uagb-infobox-image-valign-top\"><div class=\"uagb-ifb-image-content\"><img decoding=\"async\" src=\"https:\/\/www.solutionimmobiliere.ca\/wp-content\/uploads\/2024\/02\/testimonial-skip-02.jpg\" alt=\"\" width=\"74\" height=\"74\" loading=\"lazy\"\/><\/div><div class=\"uagb-ifb-content\"><div class=\"uagb-ifb-title-wrap\"><span class=\"uagb-ifb-title-prefix\">I never thought selling my home could be this easy. Thank you to Solution Immobili\u00e8re for their outstanding support!<\/span><p class=\"uagb-ifb-title\">Marie Leblanc<\/p><\/div><\/div><\/div>\n<\/div>\n<\/div>\n\n\n\n<div class=\"wp-block-uagb-container uagb-block-2257c642\">\n<div class=\"wp-block-uagb-container uagb-block-45ad2bf2\">\n<div class=\"wp-block-uagb-info-box uagb-block-a3e49a74 uagb-infobox__content-wrap  uagb-infobox-icon-left uagb-infobox-left uagb-infobox-stacked-tablet uagb-infobox-image-valign-top\"><div class=\"uagb-ifb-image-content\"><img decoding=\"async\" src=\"https:\/\/www.solutionimmobiliere.ca\/wp-content\/uploads\/2024\/02\/testimonial-skip-03.jpg\" alt=\"\" width=\"74\" height=\"74\" loading=\"lazy\"\/><\/div><div class=\"uagb-ifb-content\"><div class=\"uagb-ifb-title-wrap\"><span class=\"uagb-ifb-title-prefix\">The evaluation of my property was fair and transparent. I highly recommend this company for anyone looking to sell their property.<\/span><p class=\"uagb-ifb-title\">Marc Gagnon<\/p><\/div><\/div><\/div>\n<\/div>\n\n\n\n<div class=\"wp-block-uagb-container uagb-block-c7e41ea7\">\n<div class=\"wp-block-uagb-info-box uagb-block-4744f425 uagb-infobox__content-wrap  uagb-infobox-icon-left uagb-infobox-left uagb-infobox-stacked-tablet uagb-infobox-image-valign-top\"><div class=\"uagb-ifb-image-content\"><img decoding=\"async\" src=\"https:\/\/www.solutionimmobiliere.ca\/wp-content\/uploads\/2024\/02\/testimonial-skip-04.jpg\" alt=\"\" width=\"74\" height=\"74\" loading=\"lazy\"\/><\/div><div class=\"uagb-ifb-content\"><div class=\"uagb-ifb-title-wrap\"><span class=\"uagb-ifb-title-prefix\">A stress-free experience! Solution Immobili\u00e8re helped me sell my home quickly and at a fair price.<\/span><p class=\"uagb-ifb-title\">Sophie Martin<\/p><\/div><\/div><\/div>\n<\/div>\n<\/div>\n<\/div><\/div>\n\n\n\n<div class=\"wp-block-uagb-container uagb-block-2f326697 alignfull uagb-is-root-container\"><div class=\"uagb-container-inner-blocks-wrap\">\n<div class=\"wp-block-uagb-info-box uagb-block-76ceb716 uagb-infobox__content-wrap  uagb-infobox-icon-above-title uagb-infobox-image-valign-top\"><div class=\"uagb-ifb-content\"><div class=\"uagb-ifb-title-wrap\"><span class=\"uagb-ifb-title-prefix\">Why Choose Us<\/span><h2 class=\"uagb-ifb-title\">What Sets Us Apart<\/h2><\/div><p class=\"uagb-ifb-desc\">Discover what sets us apart from other real estate companies.<\/p><\/div><\/div>\n\n\n\n<div class=\"wp-block-uagb-image alignleft uagb-block-3c7a7974 wp-block-uagb-image--layout-default wp-block-uagb-image--effect-static wp-block-uagb-image--align-left\"><figure class=\"wp-block-uagb-image__figure\"><img decoding=\"async\" srcset=\"https:\/\/www.solutionimmobiliere.ca\/wp-content\/uploads\/2026\/02\/pexels-photo-8293778-1024x682.jpeg ,https:\/\/www.solutionimmobiliere.ca\/wp-content\/uploads\/2026\/02\/pexels-photo-8293778.jpeg 780w, https:\/\/www.solutionimmobiliere.ca\/wp-content\/uploads\/2026\/02\/pexels-photo-8293778.jpeg 360w\" sizes=\"auto, (max-width: 480px) 150px\" src=\"https:\/\/www.solutionimmobiliere.ca\/wp-content\/uploads\/2026\/02\/pexels-photo-8293778-1024x682.jpeg\" alt=\"Close-up of a realtor handing over a house key to a new homeowner, symbolizing ownership and investment.\" class=\"uag-image-18\" width=\"1200\" height=\"450\" title=\"pexels-photo-8293778\" loading=\"lazy\" role=\"img\"\/><\/figure><\/div>\n\n\n\n<div class=\"wp-block-uagb-container uagb-block-84e181c4\">\n<div class=\"wp-block-uagb-info-box uagb-block-4bbc11b0 uagb-infobox__content-wrap  uagb-infobox-icon-above-title uagb-infobox-image-valign-top\"><div class=\"uagb-ifb-content\"><div class=\"uagb-ifb-title-wrap\"><span class=\"uagb-ifb-title-prefix\">01<\/span><h3 class=\"uagb-ifb-title\">Transparent Process<\/h3><\/div><p class=\"uagb-ifb-desc\">We offer a simple and transparent process with no pressure on the seller.<\/p><\/div><\/div>\n\n\n\n<div class=\"wp-block-uagb-info-box uagb-block-e039f349 uagb-infobox__content-wrap  uagb-infobox-icon-above-title uagb-infobox-image-valign-top\"><div class=\"uagb-ifb-content\"><div class=\"uagb-ifb-title-wrap\"><span class=\"uagb-ifb-title-prefix\">02<\/span><h3 class=\"uagb-ifb-title\">Personalized Solutions<\/h3><\/div><p class=\"uagb-ifb-desc\">Each situation is reviewed individually to address the unique needs of homeowners.<\/p><\/div><\/div>\n\n\n\n<div class=\"wp-block-uagb-info-box uagb-block-8ff54d31 uagb-infobox__content-wrap  uagb-infobox-icon-above-title uagb-infobox-image-valign-top\"><div class=\"uagb-ifb-content\"><div class=\"uagb-ifb-title-wrap\"><span class=\"uagb-ifb-title-prefix\">03<\/span><h3 class=\"uagb-ifb-title\">Local Support<\/h3><\/div><p class=\"uagb-ifb-desc\">We invest in our community and contribute to local real estate development.<\/p><\/div><\/div>\n<\/div>\n<\/div><\/div>\n\n\n\n<div class=\"wp-block-uagb-container uagb-block-b684870f alignfull uagb-is-root-container\"><div class=\"uagb-container-inner-blocks-wrap\">\n<div class=\"wp-block-uagb-info-box uagb-block-f83a47d8 uagb-infobox__content-wrap  uagb-infobox-icon-above-title uagb-infobox-image-valign-top\"><div class=\"uagb-ifb-content\"><div class=\"uagb-ifb-title-wrap\"><span class=\"uagb-ifb-title-prefix\">Ready to Sell?<\/span><h2 class=\"uagb-ifb-title\">Get Your Offer Today!<\/h2><\/div><p class=\"uagb-ifb-desc\">Contact us for a free, no-obligation property offer.<\/p><div class=\"uagb-ifb-button-wrapper wp-block-button\"><a href=\"\/en\/contact\/\" class=\"uagb-infobox-cta-link wp-block-button__link\" target=\"_self\" rel=\"noopener noreferrer\" onclick=\"return true;\" alt=\"\"><span class=\"uagb-inline-editing\">Get Your Offer<\/span><\/a><\/div><\/div><\/div>\n<\/div><\/div>","protected":false},"excerpt":{"rendered":"<p>Solution Immobili\u00e8re est une entreprise priv\u00e9e d\u2019investissement immobilier sp\u00e9cialis\u00e9e dans l\u2019acquisition directe de propri\u00e9t\u00e9s r\u00e9sidentielles n\u00e9cessitant des r\u00e9novations ou une [&hellip;]<\/p>\n","protected":false},"author":1,"featured_media":0,"parent":0,"menu_order":0,"comment_status":"closed","ping_status":"closed","template":"","meta":{"_uag_custom_page_level_css":"","site-sidebar-layout":"default","site-content-layout":"","ast-site-content-layout":"default","site-content-style":"default","site-sidebar-style":"default","ast-global-header-display":"","ast-banner-title-visibility":"","ast-main-header-display":"","ast-hfb-above-header-display":"","ast-hfb-below-header-display":"","ast-hfb-mobile-header-display":"","site-post-title":"disabled","ast-breadcrumbs-content":"","ast-featured-img":"","footer-sml-layout":"","ast-disable-related-posts":"","theme-transparent-header-meta":"enabled","adv-header-id-meta":"","stick-header-meta":"","header-above-stick-meta":"","header-main-stick-meta":"","header-below-stick-meta":"","astra-migrate-meta-layouts":"default","ast-page-background-enabled":"default","ast-page-background-meta":{"desktop":{"background-color":"var(--ast-global-color-4)","background-image":"","background-repeat":"repeat","background-position":"center center","background-size":"auto","background-attachment":"scroll","background-type":"","background-media":"","overlay-type":"","overlay-color":"","overlay-opacity":"","overlay-gradient":""},"tablet":{"background-color":"","background-image":"","background-repeat":"repeat","background-position":"center center","background-size":"auto","background-attachment":"scroll","background-type":"","background-media":"","overlay-type":"","overlay-color":"","overlay-opacity":"","overlay-gradient":""},"mobile":{"background-color":"","background-image":"","background-repeat":"repeat","background-position":"center center","background-size":"auto","background-attachment":"scroll","background-type":"","background-media":"","overlay-type":"","overlay-color":"","overlay-opacity":"","overlay-gradient":""}},"ast-content-background-meta":{"desktop":{"background-color":"var(--ast-global-color-5)","background-image":"","background-repeat":"repeat","background-position":"center center","background-size":"auto","background-attachment":"scroll","background-type":"","background-media":"","overlay-type":"","overlay-color":"","overlay-opacity":"","overlay-gradient":""},"tablet":{"background-color":"var(--ast-global-color-5)","background-image":"","background-repeat":"repeat","background-position":"center center","background-size":"auto","background-attachment":"scroll","background-type":"","background-media":"","overlay-type":"","overlay-color":"","overlay-opacity":"","overlay-gradient":""},"mobile":{"background-color":"var(--ast-global-color-5)","background-image":"","background-repeat":"repeat","background-position":"center center","background-size":"auto","background-attachment":"scroll","background-type":"","background-media":"","overlay-type":"","overlay-color":"","overlay-opacity":"","overlay-gradient":""}},"footnotes":""},"class_list":["post-225","page","type-page","status-publish","hentry"],"uagb_featured_image_src":{"full":false,"thumbnail":false,"medium":false,"medium_large":false,"large":false,"1536x1536":false,"2048x2048":false,"trp-custom-language-flag":false},"uagb_author_info":{"display_name":"admin","author_link":"https:\/\/www.solutionimmobiliere.ca\/en\/author\/admin\/"},"uagb_comment_info":0,"uagb_excerpt":"Solution Immobili\u00e8re est une entreprise priv\u00e9e d\u2019investissement immobilier sp\u00e9cialis\u00e9e dans l\u2019acquisition directe de propri\u00e9t\u00e9s r\u00e9sidentielles n\u00e9cessitant des r\u00e9novations ou une [&hellip;]","_links":{"self":[{"href":"https:\/\/www.solutionimmobiliere.ca\/en\/wp-json\/wp\/v2\/pages\/225","targetHints":{"allow":["GET"]}}],"collection":[{"href":"https:\/\/www.solutionimmobiliere.ca\/en\/wp-json\/wp\/v2\/pages"}],"about":[{"href":"https:\/\/www.solutionimmobiliere.ca\/en\/wp-json\/wp\/v2\/types\/page"}],"author":[{"embeddable":true,"href":"https:\/\/www.solutionimmobiliere.ca\/en\/wp-json\/wp\/v2\/users\/1"}],"replies":[{"embeddable":true,"href":"https:\/\/www.solutionimmobiliere.ca\/en\/wp-json\/wp\/v2\/comments?post=225"}],"version-history":[{"count":6,"href":"https:\/\/www.solutionimmobiliere.ca\/en\/wp-json\/wp\/v2\/pages\/225\/revisions"}],"predecessor-version":[{"id":460,"href":"https:\/\/www.solutionimmobiliere.ca\/en\/wp-json\/wp\/v2\/pages\/225\/revisions\/460"}],"wp:attachment":[{"href":"https:\/\/www.solutionimmobiliere.ca\/en\/wp-json\/wp\/v2\/media?parent=225"}],"curies":[{"name":"wp","href":"https:\/\/api.w.org\/{rel}","templated":true}]}}